{"id":10,"date":"2020-05-18T17:14:04","date_gmt":"2020-05-18T20:14:04","guid":{"rendered":"https:\/\/sonhoseaventuras.net\/loja\/pagina-inicial\/"},"modified":"2020-06-05T20:27:55","modified_gmt":"2020-06-05T23:27:55","slug":"pagina-inicial","status":"publish","type":"page","link":"https:\/\/sonhoseaventuras.net\/loja\/","title":{"rendered":""},"content":{"rendered":"\n<div class=\"wp-block-cover has-vivid-purple-background-color has-background-dim\" style=\"background-image:url(https:\/\/sonhoseaventuras.net\/loja\/wp-content\/uploads\/2020\/05\/Sem-T\u00edtulo-20.jpg)\"><div class=\"wp-block-cover__inner-container is-layout-flow wp-block-cover-is-layout-flow\">\n<p class=\"has-text-color has-text-align-center has-large-font-size has-white-color\"><p class=\"has-text-align-center has-large-font-size\">Boas-vindos \u00e0 lojinha do <\/p><\/p>\n\n\n\n<p class=\"has-text-color has-text-align-center has-large-font-size has-white-color\"><p class=\"has-text-align-center has-large-font-size\">Sonhos e Aventuras<\/p><\/p>\n\n\n\n<p class=\"has-text-color has-text-align-center has-very-light-gray-color\"><p class=\"has-text-color has-text-align-center\">Desde j\u00e1 agrade\u00e7o por confiar no meu trabalho!<\/p><\/p>\n\n\n\n<div class=\"wp-block-button aligncenter\"><a class=\"wp-block-button__link\" href=\"https:\/\/sonhoseaventuras.net\/loja\/loja\/\">V\u00e1 \u00e0s compras<\/a><\/div>\n<\/div><\/div>\n\n\n\n<h2 class=\"has-text-align-center wp-block-heading\">Novos produtos<\/h2>\n\n\n<div data-block-name=\"woocommerce\/product-new\" class=\"wc-block-grid wp-block-product-new wp-block-woocommerce-product-new wc-block-product-new has-3-columns has-multiple-rows\"><ul class=\"wc-block-grid__products\"><li class=\"wc-block-grid__product\">\n\t\t\t\t<a href=\"https:\/\/sonhoseaventuras.net\/loja\/produto\/cheila-anja-colecao-gratitude-celular\/\" class=\"wc-block-grid__product-link\">\n\t\t\t\t\t\n\t\t\t\t\t<div class=\"wc-block-grid__product-image\"><img loading=\"lazy\" decoding=\"async\" width=\"324\" height=\"324\" src=\"https:\/\/sonhoseaventuras.net\/loja\/wp-content\/uploads\/2021\/04\/Colecao-gratidao-324x324.png\" class=\"attachment-woocommerce_thumbnail size-woocommerce_thumbnail\" alt=\"Cheila Anja - Cole\u00e7\u00e3o Gratitude (CELULAR)\" srcset=\"https:\/\/sonhoseaventuras.net\/loja\/wp-content\/uploads\/2021\/04\/Colecao-gratidao-324x324.png 324w, https:\/\/sonhoseaventuras.net\/loja\/wp-content\/uploads\/2021\/04\/Colecao-gratidao-150x150.png 150w, https:\/\/sonhoseaventuras.net\/loja\/wp-content\/uploads\/2021\/04\/Colecao-gratidao-100x100.png 100w\" sizes=\"auto, (max-width: 324px) 100vw, 324px\" \/><\/div>\n\t\t\t\t\t<div class=\"wc-block-grid__product-title\">Cheila Anja &#8211; Cole\u00e7\u00e3o Gratitude (CELULAR)<\/div>\n\t\t\t\t<\/a>\n\t\t\t\t<div class=\"wc-block-grid__product-price price\"><span class=\"woocommerce-Price-amount amount\"><span class=\"woocommerce-Price-currencySymbol\">&#082;&#036;<\/span>0,00<\/span><\/div>\n\t\t\t\t\n\t\t\t\t<div class=\"wp-block-button wc-block-grid__product-add-to-cart\"><a href=\"\/loja\/wp-json\/wp\/v2\/pages\/10?add-to-cart=154\" aria-label=\"Adicione ao carrinho: &ldquo;Cheila Anja - Cole\u00e7\u00e3o Gratitude (CELULAR)&rdquo;\" data-quantity=\"1\" data-product_id=\"154\" data-product_sku=\"\" data-price=\"0\" rel=\"nofollow\" class=\"wp-block-button__link  add_to_cart_button ajax_add_to_cart\">Adicionar ao carrinho<\/a><\/div>\n\t\t\t<\/li><li class=\"wc-block-grid__product\">\n\t\t\t\t<a href=\"https:\/\/sonhoseaventuras.net\/loja\/produto\/colecao-completa-full-pack-computador-celular\/\" class=\"wc-block-grid__product-link\">\n\t\t\t\t\t<div class=\"wc-block-grid__product-onsale\">\n\t\t\t<span aria-hidden=\"true\">Oferta<\/span>\n\t\t\t<span class=\"screen-reader-text\">Produto em promo\u00e7\u00e3o<\/span>\n\t\t<\/div>\n\t\t\t\t\t<div class=\"wc-block-grid__product-image\"><img loading=\"lazy\" decoding=\"async\" width=\"324\" height=\"324\" src=\"https:\/\/sonhoseaventuras.net\/loja\/wp-content\/uploads\/2020\/05\/Cole\u00e7\u00e3o-completa-324x324.png\" class=\"attachment-woocommerce_thumbnail size-woocommerce_thumbnail\" alt=\"Cole\u00e7\u00e3o completa - Full Pack (Computador e celular)\" srcset=\"https:\/\/sonhoseaventuras.net\/loja\/wp-content\/uploads\/2020\/05\/Cole\u00e7\u00e3o-completa-324x324.png 324w, https:\/\/sonhoseaventuras.net\/loja\/wp-content\/uploads\/2020\/05\/Cole\u00e7\u00e3o-completa-150x150.png 150w, https:\/\/sonhoseaventuras.net\/loja\/wp-content\/uploads\/2020\/05\/Cole\u00e7\u00e3o-completa-100x100.png 100w\" sizes=\"auto, (max-width: 324px) 100vw, 324px\" \/><\/div>\n\t\t\t\t\t<div class=\"wc-block-grid__product-title\">Cole\u00e7\u00e3o Completa &#8211; Full Pack (COMPUTADOR &amp; CELULAR)<\/div>\n\t\t\t\t<\/a>\n\t\t\t\t<div class=\"wc-block-grid__product-price price\"><del aria-hidden=\"true\"><span class=\"woocommerce-Price-amount amount\"><span class=\"woocommerce-Price-currencySymbol\">&#082;&#036;<\/span>1.458,20<\/span><\/del> <span class=\"screen-reader-text\">O pre\u00e7o original era: &#082;&#036;1.458,20.<\/span><ins aria-hidden=\"true\"><span class=\"woocommerce-Price-amount amount\"><span class=\"woocommerce-Price-currencySymbol\">&#082;&#036;<\/span>583,28<\/span><\/ins><span class=\"screen-reader-text\">O pre\u00e7o atual \u00e9: &#082;&#036;583,28.<\/span><\/div>\n\t\t\t\t\n\t\t\t\t<div class=\"wp-block-button wc-block-grid__product-add-to-cart\"><a href=\"\/loja\/wp-json\/wp\/v2\/pages\/10?add-to-cart=89\" aria-label=\"Adicione ao carrinho: &ldquo;Cole\u00e7\u00e3o Completa - Full Pack (COMPUTADOR &amp; CELULAR)&rdquo;\" data-quantity=\"1\" data-product_id=\"89\" data-product_sku=\"\" data-price=\"583.28\" rel=\"nofollow\" class=\"wp-block-button__link  add_to_cart_button ajax_add_to_cart\">Adicionar ao carrinho<\/a><\/div>\n\t\t\t<\/li><li class=\"wc-block-grid__product\">\n\t\t\t\t<a href=\"https:\/\/sonhoseaventuras.net\/loja\/produto\/cheila-anja-colecao-master-master-collection-computador\/\" class=\"wc-block-grid__product-link\">\n\t\t\t\t\t\n\t\t\t\t\t<div class=\"wc-block-grid__product-image\"><img loading=\"lazy\" decoding=\"async\" width=\"324\" height=\"324\" src=\"https:\/\/sonhoseaventuras.net\/loja\/wp-content\/uploads\/2020\/05\/Cole\u00e7\u00e3o-Master-324x324.png\" class=\"attachment-woocommerce_thumbnail size-woocommerce_thumbnail\" alt=\"Cheila Anja - Cole\u00e7\u00e3o Master - Master Collection MOBILE\" srcset=\"https:\/\/sonhoseaventuras.net\/loja\/wp-content\/uploads\/2020\/05\/Cole\u00e7\u00e3o-Master-324x324.png 324w, https:\/\/sonhoseaventuras.net\/loja\/wp-content\/uploads\/2020\/05\/Cole\u00e7\u00e3o-Master-150x150.png 150w, https:\/\/sonhoseaventuras.net\/loja\/wp-content\/uploads\/2020\/05\/Cole\u00e7\u00e3o-Master-100x100.png 100w\" sizes=\"auto, (max-width: 324px) 100vw, 324px\" \/><\/div>\n\t\t\t\t\t<div class=\"wc-block-grid__product-title\">Cheila Anja &#8211; Cole\u00e7\u00e3o Master &#8211; Master Collection (COMPUTADOR)<\/div>\n\t\t\t\t<\/a>\n\t\t\t\t<div class=\"wc-block-grid__product-price price\"><span class=\"woocommerce-Price-amount amount\"><span class=\"woocommerce-Price-currencySymbol\">&#082;&#036;<\/span>89,90<\/span><\/div>\n\t\t\t\t\n\t\t\t\t<div class=\"wp-block-button wc-block-grid__product-add-to-cart\"><a href=\"\/loja\/wp-json\/wp\/v2\/pages\/10?add-to-cart=88\" aria-label=\"Adicione ao carrinho: &ldquo;Cheila Anja - Cole\u00e7\u00e3o Master - Master Collection (COMPUTADOR)&rdquo;\" data-quantity=\"1\" data-product_id=\"88\" data-product_sku=\"\" data-price=\"89.9\" rel=\"nofollow\" class=\"wp-block-button__link  add_to_cart_button ajax_add_to_cart\">Adicionar ao carrinho<\/a><\/div>\n\t\t\t<\/li><li class=\"wc-block-grid__product\">\n\t\t\t\t<a href=\"https:\/\/sonhoseaventuras.net\/loja\/produto\/colecao-paraiso-paradise-collection-computador\/\" class=\"wc-block-grid__product-link\">\n\t\t\t\t\t\n\t\t\t\t\t<div class=\"wc-block-grid__product-image\"><img loading=\"lazy\" decoding=\"async\" width=\"324\" height=\"324\" src=\"https:\/\/sonhoseaventuras.net\/loja\/wp-content\/uploads\/2020\/05\/Cole\u00e7\u00e3o-para\u00edso-324x324.png\" class=\"attachment-woocommerce_thumbnail size-woocommerce_thumbnail\" alt=\"Cole\u00e7\u00e3o Para\u00edso - Paradise Collection MOBILE\" srcset=\"https:\/\/sonhoseaventuras.net\/loja\/wp-content\/uploads\/2020\/05\/Cole\u00e7\u00e3o-para\u00edso-324x324.png 324w, https:\/\/sonhoseaventuras.net\/loja\/wp-content\/uploads\/2020\/05\/Cole\u00e7\u00e3o-para\u00edso-150x150.png 150w, https:\/\/sonhoseaventuras.net\/loja\/wp-content\/uploads\/2020\/05\/Cole\u00e7\u00e3o-para\u00edso-100x100.png 100w\" sizes=\"auto, (max-width: 324px) 100vw, 324px\" \/><\/div>\n\t\t\t\t\t<div class=\"wc-block-grid__product-title\">Cole\u00e7\u00e3o Para\u00edso &#8211; Paradise Collection (COMPUTADOR)<\/div>\n\t\t\t\t<\/a>\n\t\t\t\t<div class=\"wc-block-grid__product-price price\"><span class=\"woocommerce-Price-amount amount\"><span class=\"woocommerce-Price-currencySymbol\">&#082;&#036;<\/span>79,90<\/span><\/div>\n\t\t\t\t\n\t\t\t\t<div class=\"wp-block-button wc-block-grid__product-add-to-cart\"><a href=\"\/loja\/wp-json\/wp\/v2\/pages\/10?add-to-cart=87\" aria-label=\"Adicione ao carrinho: &ldquo;Cole\u00e7\u00e3o Para\u00edso - Paradise Collection (COMPUTADOR)&rdquo;\" data-quantity=\"1\" data-product_id=\"87\" data-product_sku=\"\" data-price=\"79.9\" rel=\"nofollow\" class=\"wp-block-button__link  add_to_cart_button ajax_add_to_cart\">Adicionar ao carrinho<\/a><\/div>\n\t\t\t<\/li><li class=\"wc-block-grid__product\">\n\t\t\t\t<a href=\"https:\/\/sonhoseaventuras.net\/loja\/produto\/colecao-retrato-portrait-collection-computador\/\" class=\"wc-block-grid__product-link\">\n\t\t\t\t\t\n\t\t\t\t\t<div class=\"wc-block-grid__product-image\"><img loading=\"lazy\" decoding=\"async\" width=\"324\" height=\"324\" src=\"https:\/\/sonhoseaventuras.net\/loja\/wp-content\/uploads\/2020\/05\/Cole\u00e7\u00e3o-retrato-324x324.png\" class=\"attachment-woocommerce_thumbnail size-woocommerce_thumbnail\" alt=\"Cheila Anja - Cole\u00e7\u00e3o Retrato - Portrait Collection MOBILE\" srcset=\"https:\/\/sonhoseaventuras.net\/loja\/wp-content\/uploads\/2020\/05\/Cole\u00e7\u00e3o-retrato-324x324.png 324w, https:\/\/sonhoseaventuras.net\/loja\/wp-content\/uploads\/2020\/05\/Cole\u00e7\u00e3o-retrato-150x150.png 150w, https:\/\/sonhoseaventuras.net\/loja\/wp-content\/uploads\/2020\/05\/Cole\u00e7\u00e3o-retrato-100x100.png 100w\" sizes=\"auto, (max-width: 324px) 100vw, 324px\" \/><\/div>\n\t\t\t\t\t<div class=\"wc-block-grid__product-title\">Cole\u00e7\u00e3o Retrato &#8211; Portrait Collection (COMPUTADOR)<\/div>\n\t\t\t\t<\/a>\n\t\t\t\t<div class=\"wc-block-grid__product-price price\"><span class=\"woocommerce-Price-amount amount\"><span class=\"woocommerce-Price-currencySymbol\">&#082;&#036;<\/span>79,90<\/span><\/div>\n\t\t\t\t\n\t\t\t\t<div class=\"wp-block-button wc-block-grid__product-add-to-cart\"><a href=\"\/loja\/wp-json\/wp\/v2\/pages\/10?add-to-cart=86\" aria-label=\"Adicione ao carrinho: &ldquo;Cole\u00e7\u00e3o Retrato - Portrait Collection (COMPUTADOR)&rdquo;\" data-quantity=\"1\" data-product_id=\"86\" data-product_sku=\"\" data-price=\"79.9\" rel=\"nofollow\" class=\"wp-block-button__link  add_to_cart_button ajax_add_to_cart\">Adicionar ao carrinho<\/a><\/div>\n\t\t\t<\/li><li class=\"wc-block-grid__product\">\n\t\t\t\t<a href=\"https:\/\/sonhoseaventuras.net\/loja\/produto\/colecao-retrato-portrait-collection-celular\/\" class=\"wc-block-grid__product-link\">\n\t\t\t\t\t\n\t\t\t\t\t<div class=\"wc-block-grid__product-image\"><img loading=\"lazy\" decoding=\"async\" width=\"324\" height=\"324\" src=\"https:\/\/sonhoseaventuras.net\/loja\/wp-content\/uploads\/2020\/05\/Cole\u00e7\u00e3o-retrato-324x324.png\" class=\"attachment-woocommerce_thumbnail size-woocommerce_thumbnail\" alt=\"Cheila Anja - Cole\u00e7\u00e3o Retrato - Portrait Collection MOBILE\" srcset=\"https:\/\/sonhoseaventuras.net\/loja\/wp-content\/uploads\/2020\/05\/Cole\u00e7\u00e3o-retrato-324x324.png 324w, https:\/\/sonhoseaventuras.net\/loja\/wp-content\/uploads\/2020\/05\/Cole\u00e7\u00e3o-retrato-150x150.png 150w, https:\/\/sonhoseaventuras.net\/loja\/wp-content\/uploads\/2020\/05\/Cole\u00e7\u00e3o-retrato-100x100.png 100w\" sizes=\"auto, (max-width: 324px) 100vw, 324px\" \/><\/div>\n\t\t\t\t\t<div class=\"wc-block-grid__product-title\">Cole\u00e7\u00e3o Retrato &#8211; Portrait Collection (CELULAR)<\/div>\n\t\t\t\t<\/a>\n\t\t\t\t<div class=\"wc-block-grid__product-price price\"><span class=\"woocommerce-Price-amount amount\"><span class=\"woocommerce-Price-currencySymbol\">&#082;&#036;<\/span>79,90<\/span><\/div>\n\t\t\t\t\n\t\t\t\t<div class=\"wp-block-button wc-block-grid__product-add-to-cart\"><a href=\"\/loja\/wp-json\/wp\/v2\/pages\/10?add-to-cart=85\" aria-label=\"Adicione ao carrinho: &ldquo;Cole\u00e7\u00e3o Retrato - Portrait Collection (CELULAR)&rdquo;\" data-quantity=\"1\" data-product_id=\"85\" data-product_sku=\"\" data-price=\"79.9\" rel=\"nofollow\" class=\"wp-block-button__link  add_to_cart_button ajax_add_to_cart\">Adicionar ao carrinho<\/a><\/div>\n\t\t\t<\/li><li class=\"wc-block-grid__product\">\n\t\t\t\t<a href=\"https:\/\/sonhoseaventuras.net\/loja\/produto\/colecao-paisagens-surreais-surreal-landscapes-collection-computador\/\" class=\"wc-block-grid__product-link\">\n\t\t\t\t\t\n\t\t\t\t\t<div class=\"wc-block-grid__product-image\"><img loading=\"lazy\" decoding=\"async\" width=\"324\" height=\"324\" src=\"https:\/\/sonhoseaventuras.net\/loja\/wp-content\/uploads\/2020\/05\/Cole\u00e7\u00e3o-paisagens-324x324.png\" class=\"attachment-woocommerce_thumbnail size-woocommerce_thumbnail\" alt=\"Cole\u00e7\u00e3o Paisagens Surreais - Surreal Landscapes Collection (CELULAR)\" srcset=\"https:\/\/sonhoseaventuras.net\/loja\/wp-content\/uploads\/2020\/05\/Cole\u00e7\u00e3o-paisagens-324x324.png 324w, https:\/\/sonhoseaventuras.net\/loja\/wp-content\/uploads\/2020\/05\/Cole\u00e7\u00e3o-paisagens-150x150.png 150w, https:\/\/sonhoseaventuras.net\/loja\/wp-content\/uploads\/2020\/05\/Cole\u00e7\u00e3o-paisagens-100x100.png 100w\" sizes=\"auto, (max-width: 324px) 100vw, 324px\" \/><\/div>\n\t\t\t\t\t<div class=\"wc-block-grid__product-title\">Cole\u00e7\u00e3o Paisagens Surreais &#8211; Surreal Landscapes Collection (COMPUTADOR)<\/div>\n\t\t\t\t<\/a>\n\t\t\t\t<div class=\"wc-block-grid__product-price price\"><span class=\"woocommerce-Price-amount amount\"><span class=\"woocommerce-Price-currencySymbol\">&#082;&#036;<\/span>79,90<\/span><\/div>\n\t\t\t\t\n\t\t\t\t<div class=\"wp-block-button wc-block-grid__product-add-to-cart\"><a href=\"\/loja\/wp-json\/wp\/v2\/pages\/10?add-to-cart=84\" aria-label=\"Adicione ao carrinho: &ldquo;Cole\u00e7\u00e3o Paisagens Surreais - Surreal Landscapes Collection (COMPUTADOR)&rdquo;\" data-quantity=\"1\" data-product_id=\"84\" data-product_sku=\"\" data-price=\"79.9\" rel=\"nofollow\" class=\"wp-block-button__link  add_to_cart_button ajax_add_to_cart\">Adicionar ao carrinho<\/a><\/div>\n\t\t\t<\/li><li class=\"wc-block-grid__product\">\n\t\t\t\t<a href=\"https:\/\/sonhoseaventuras.net\/loja\/produto\/colecao-selva-jungle-collection-computador\/\" class=\"wc-block-grid__product-link\">\n\t\t\t\t\t\n\t\t\t\t\t<div class=\"wc-block-grid__product-image\"><img loading=\"lazy\" decoding=\"async\" width=\"324\" height=\"324\" src=\"https:\/\/sonhoseaventuras.net\/loja\/wp-content\/uploads\/2020\/05\/Cole\u00e7\u00e3o-selva-324x324.png\" class=\"attachment-woocommerce_thumbnail size-woocommerce_thumbnail\" alt=\"Cole\u00e7\u00e3o Selva - Jungle Collection MOBILE\" srcset=\"https:\/\/sonhoseaventuras.net\/loja\/wp-content\/uploads\/2020\/05\/Cole\u00e7\u00e3o-selva-324x324.png 324w, https:\/\/sonhoseaventuras.net\/loja\/wp-content\/uploads\/2020\/05\/Cole\u00e7\u00e3o-selva-150x150.png 150w, https:\/\/sonhoseaventuras.net\/loja\/wp-content\/uploads\/2020\/05\/Cole\u00e7\u00e3o-selva-100x100.png 100w\" sizes=\"auto, (max-width: 324px) 100vw, 324px\" \/><\/div>\n\t\t\t\t\t<div class=\"wc-block-grid__product-title\">Cole\u00e7\u00e3o Selva &#8211; Jungle Collection (COMPUTADOR)<\/div>\n\t\t\t\t<\/a>\n\t\t\t\t<div class=\"wc-block-grid__product-price price\"><span class=\"woocommerce-Price-amount amount\"><span class=\"woocommerce-Price-currencySymbol\">&#082;&#036;<\/span>79,90<\/span><\/div>\n\t\t\t\t\n\t\t\t\t<div class=\"wp-block-button wc-block-grid__product-add-to-cart\"><a href=\"\/loja\/wp-json\/wp\/v2\/pages\/10?add-to-cart=83\" aria-label=\"Adicione ao carrinho: &ldquo;Cole\u00e7\u00e3o Selva - Jungle Collection (COMPUTADOR)&rdquo;\" data-quantity=\"1\" data-product_id=\"83\" data-product_sku=\"\" data-price=\"79.9\" rel=\"nofollow\" class=\"wp-block-button__link  add_to_cart_button ajax_add_to_cart\">Adicionar ao carrinho<\/a><\/div>\n\t\t\t<\/li><li class=\"wc-block-grid__product\">\n\t\t\t\t<a href=\"https:\/\/sonhoseaventuras.net\/loja\/produto\/colecao-tons-escuros-dark-tones-collection-computador\/\" class=\"wc-block-grid__product-link\">\n\t\t\t\t\t\n\t\t\t\t\t<div class=\"wc-block-grid__product-image\"><img loading=\"lazy\" decoding=\"async\" width=\"324\" height=\"324\" src=\"https:\/\/sonhoseaventuras.net\/loja\/wp-content\/uploads\/2020\/05\/Cole\u00e7\u00e3o-tons-escuros-324x324.png\" class=\"attachment-woocommerce_thumbnail size-woocommerce_thumbnail\" alt=\"Cole\u00e7\u00e3o Tons Escuros - Dark Tones Collection MOBILE\" srcset=\"https:\/\/sonhoseaventuras.net\/loja\/wp-content\/uploads\/2020\/05\/Cole\u00e7\u00e3o-tons-escuros-324x324.png 324w, https:\/\/sonhoseaventuras.net\/loja\/wp-content\/uploads\/2020\/05\/Cole\u00e7\u00e3o-tons-escuros-150x150.png 150w, https:\/\/sonhoseaventuras.net\/loja\/wp-content\/uploads\/2020\/05\/Cole\u00e7\u00e3o-tons-escuros-100x100.png 100w\" sizes=\"auto, (max-width: 324px) 100vw, 324px\" \/><\/div>\n\t\t\t\t\t<div class=\"wc-block-grid__product-title\">Cole\u00e7\u00e3o Tons Escuros &#8211; Dark Tones Collection (COMPUTADOR)<\/div>\n\t\t\t\t<\/a>\n\t\t\t\t<div class=\"wc-block-grid__product-price price\"><span class=\"woocommerce-Price-amount amount\"><span class=\"woocommerce-Price-currencySymbol\">&#082;&#036;<\/span>79,90<\/span><\/div>\n\t\t\t\t\n\t\t\t\t<div class=\"wp-block-button wc-block-grid__product-add-to-cart\"><a href=\"\/loja\/wp-json\/wp\/v2\/pages\/10?add-to-cart=82\" aria-label=\"Adicione ao carrinho: &ldquo;Cole\u00e7\u00e3o Tons Escuros - Dark Tones Collection (COMPUTADOR)&rdquo;\" data-quantity=\"1\" data-product_id=\"82\" data-product_sku=\"\" data-price=\"79.9\" rel=\"nofollow\" class=\"wp-block-button__link  add_to_cart_button ajax_add_to_cart\">Adicionar ao carrinho<\/a><\/div>\n\t\t\t<\/li><\/ul><\/div>\n\n<div data-block-name=\"woocommerce\/featured-product\" data-edit-mode=\"false\" data-product-id=\"76\" class=\"wc-block-featured-product alignnone has-background-dim wp-block-woocommerce-featured-product\" style=\"min-height:500px;\"><div class=\"wc-block-featured-product__wrapper\"><div class=\"background-dim__overlay\" style=\"background-color: #000000\"><\/div><img decoding=\"async\" alt=\"Cheila Anja - Cole\u00e7\u00e3o Master - Master Collection (CELULAR)\" class=\"wc-block-featured-product__background-image\" src=\"https:\/\/sonhoseaventuras.net\/loja\/wp-content\/uploads\/2020\/05\/Cole\u00e7\u00e3o-Master.png\" style=\"object-fit: none;object-position: 50% 50%;\" \/><h2 class=\"wc-block-featured-product__title\">Cheila Anja &#8211; Cole\u00e7\u00e3o Master &#8211; Master Collection (CELULAR)<\/h2><div class=\"wc-block-featured-product__description\"><p>Tamb\u00e9m aceito transfer\u00eancia banc\u00e1ria, Pix, boleto e PicPay. Mande uma mensagem no Instagram (@cheilaanjapresets) para mais informa\u00e7\u00f5es sobre outros meios de pagamentos, al\u00e9m do Paypal e cart\u00e3o de cr\u00e9dito.<\/p>\n<\/div><div class=\"wc-block-featured-product__price\"><span class=\"woocommerce-Price-amount amount\"><span class=\"woocommerce-Price-currencySymbol\">&#082;&#036;<\/span>89,90<\/span><\/div><div class=\"wc-block-featured-product__inner-blocks\">\n\n<div class=\"wp-block-button aligncenter\"><a class=\"wp-block-button__link\" href=\"https:\/\/sonhoseaventuras.net\/loja\/produto\/cheila-anja-colecao-master-master-collection-celular\/\">Compre agora<\/a><\/div>\n\n<\/div><\/div><\/div>\n\n\n<p><\/p>\n","protected":false},"excerpt":{"rendered":"<p>Novos produtos<\/p>\n","protected":false},"author":1,"featured_media":0,"parent":0,"menu_order":0,"comment_status":"closed","ping_status":"closed","template":"template-homepage.php","meta":{"footnotes":""},"class_list":["post-10","page","type-page","status-publish","hentry"],"_links":{"self":[{"href":"https:\/\/sonhoseaventuras.net\/loja\/wp-json\/wp\/v2\/pages\/10","targetHints":{"allow":["GET"]}}],"collection":[{"href":"https:\/\/sonhoseaventuras.net\/loja\/wp-json\/wp\/v2\/pages"}],"about":[{"href":"https:\/\/sonhoseaventuras.net\/loja\/wp-json\/wp\/v2\/types\/page"}],"author":[{"embeddable":true,"href":"https:\/\/sonhoseaventuras.net\/loja\/wp-json\/wp\/v2\/users\/1"}],"replies":[{"embeddable":true,"href":"https:\/\/sonhoseaventuras.net\/loja\/wp-json\/wp\/v2\/comments?post=10"}],"version-history":[{"count":3,"href":"https:\/\/sonhoseaventuras.net\/loja\/wp-json\/wp\/v2\/pages\/10\/revisions"}],"predecessor-version":[{"id":120,"href":"https:\/\/sonhoseaventuras.net\/loja\/wp-json\/wp\/v2\/pages\/10\/revisions\/120"}],"wp:attachment":[{"href":"https:\/\/sonhoseaventuras.net\/loja\/wp-json\/wp\/v2\/media?parent=10"}],"curies":[{"name":"wp","href":"https:\/\/api.w.org\/{rel}","templated":true}]}}