{"id":3,"date":"2020-05-18T19:51:02","date_gmt":"2020-05-18T19:51:02","guid":{"rendered":"https:\/\/sonhoseaventuras.net\/loja\/?page_id=3"},"modified":"2020-06-05T20:37:07","modified_gmt":"2020-06-05T23:37:07","slug":"privacy-policy","status":"publish","type":"page","link":"https:\/\/sonhoseaventuras.net\/loja\/privacy-policy\/","title":{"rendered":"POL\u00cdTICA DE PRIVACIDADE"},"content":{"rendered":"\n<p>Todas as suas informa\u00e7\u00f5es pessoais recolhidas, ser\u00e3o usadas para o ajudar a tornar a sua visita no nosso site a mais produtiva e agrad\u00e1vel poss\u00edvel.<\/p>\n\n\n\n<p>A garantia da confidencialidade dos dados pessoais dos utilizadores do nosso site \u00e9 importante para o&nbsp;<em>Sonhos e Aventuras.<\/em><\/p>\n\n\n\n<p>Todas as informa\u00e7\u00f5es pessoais relativas a membros, assinantes, clientes ou visitantes que usem o&nbsp;<em>Sonhos e Aventuras<\/em>&nbsp;ser\u00e3o tratadas em concord\u00e2ncia com a Lei da Prote\u00e7\u00e3o de dados Pessoais de 26 de outubro de 1998 (Lei n.\u00ba 67\/98).<\/p>\n\n\n\n<p>A informa\u00e7\u00e3o pessoal recolhida pode incluir o seu nome, e\u00admail, n\u00famero de telefone e\/ou telem\u00f3vel, morada, data de nascimento e\/ou outros.<\/p>\n\n\n\n<p>O uso do&nbsp;<em>Sonhos e Aventuras <\/em>pressup\u00f5e a aceita\u00e7\u00e3o deste Acordo de Privacidade. A equipe do&nbsp;<em>Sonhos e Aventuras<\/em>&nbsp;reserva-se ao direito de alterar este acordo sem aviso pr\u00e9vio.<\/p>\n\n\n\n<p>Deste modo, recomendamos que consulte a nossa Pol\u00edtica de Privacidade com regularidade de forma a estar sempre atualizado.<\/p>\n\n\n\n<p>***<\/p>\n\n\n\n<h2 class=\"wp-block-heading\">OS AN\u00daNCIOS<\/h2>\n\n\n\n<p>Tal como outros websites, coletamos e utilizamos informa\u00e7\u00e3o contida nos an\u00fancios. A informa\u00e7\u00e3o contida nos an\u00fancios, inclui o seu endere\u00e7o IP (Internet&nbsp;Protocol), o seu ISP&nbsp;(Internet&nbsp;Service Provider, como o Sapo, Clix, ou outro), o browser que utilizou ao visitar o nosso website (como o&nbsp;Internet&nbsp;Explorer ou o Firefox), o tempo da sua visita e que p\u00e1ginas visitou dentro do nosso website.<\/p>\n\n\n\n<p>***<\/p>\n\n\n\n<h2 class=\"wp-block-heading\">OS COOKIES E WEB BEACONS<\/h2>\n\n\n\n<p>Utilizamos cookies para armazenar informa\u00e7\u00e3o, tais como as suas prefer\u00eancias pessoas quando visita o nosso website. Isto poder\u00e1 incluir um simples popup, ou uma liga\u00e7\u00e3o em v\u00e1rios servi\u00e7os que providenciamos, tais como f\u00f3runs.<\/p>\n\n\n\n<p>Em adi\u00e7\u00e3o tamb\u00e9m utilizamos publicidade de terceiros no nosso website para suportar os custos de manuten\u00e7\u00e3o. Alguns destes publicit\u00e1rios, poder\u00e3o utilizar tecnologias como os cookies e\/ou web beacons quando publicitam no nosso website, o que far\u00e1 com que esses publicit\u00e1rios (como o Google atrav\u00e9s do Google AdSense) tamb\u00e9m recebam a sua informa\u00e7\u00e3o pessoal, como o endere\u00e7o IP, o seu ISP, o seu browser, etc. Esta fun\u00e7\u00e3o \u00e9 geralmente utilizada para geotargeting (mostrar publicidade de Lisboa apenas aos leitores oriundos de Lisboa, por exemplo) ou apresentar publicidade direcionada a um tipo de utilizador (como mostrar publicidade de restaurante a um utilizador que visita sites de culin\u00e1ria regularmente, por exemplo).<\/p>\n\n\n\n<p>Voc\u00ea det\u00e9m o poder de desligar os seus cookies, nas op\u00e7\u00f5es do seu browser, ou efetuando altera\u00e7\u00f5es nas ferramentas de programas Anti-\u00adV\u00edrus, como o Norton&nbsp;Internet&nbsp;Security.<\/p>\n\n\n\n<p>No entanto, isso poder\u00e1 alterar a forma como interage com o nosso website, ou outros websites. Isso poder\u00e1 afetar ou n\u00e3o permitir que fa\u00e7a logins em programas, sites ou f\u00f3runs da nossa e de outras redes.<\/p>\n\n\n\n<p>***<\/p>\n\n\n\n<h2 class=\"wp-block-heading\">LIGA\u00c7\u00d5ES A SITES DE TERCEIROS<\/h2>\n\n\n\n<p><em>O Sonhos e Aventuras<\/em>&nbsp;possui liga\u00e7\u00f5es para outros sites, os quais, a nosso ver, podem conter informa\u00e7\u00f5es \/ ferramentas \u00fateis para os nossos visitantes. A nossa pol\u00edtica de privacidade n\u00e3o \u00e9 aplicada a sites de terceiros, pelo que, caso visite outro site a partir do nosso dever\u00e1 ler a pol\u00edtica de privacidade do mesmo.<\/p>\n\n\n\n<p>N\u00e3o nos responsabilizamos pela pol\u00edtica de privacidade ou conte\u00fado presente nesses mesmos sites.<\/p>\n","protected":false},"excerpt":{"rendered":"<p>Todas as suas informa\u00e7\u00f5es pessoais recolhidas, ser\u00e3o usadas para o ajudar a tornar a sua visita no nosso site a mais produtiva e agrad\u00e1vel poss\u00edvel. A garantia da confidencialidade dos dados pessoais dos utilizadores do nosso site \u00e9 importante para o&nbsp;Sonhos e Aventuras. Todas as informa\u00e7\u00f5es pessoais relativas a membros, assinantes, clientes ou visitantes que [&hellip;]<\/p>\n","protected":false},"author":1,"featured_media":0,"parent":0,"menu_order":0,"comment_status":"closed","ping_status":"open","template":"","meta":{"footnotes":""},"class_list":["post-3","page","type-page","status-publish","hentry"],"_links":{"self":[{"href":"https:\/\/sonhoseaventuras.net\/loja\/wp-json\/wp\/v2\/pages\/3","targetHints":{"allow":["GET"]}}],"collection":[{"href":"https:\/\/sonhoseaventuras.net\/loja\/wp-json\/wp\/v2\/pages"}],"about":[{"href":"https:\/\/sonhoseaventuras.net\/loja\/wp-json\/wp\/v2\/types\/page"}],"author":[{"embeddable":true,"href":"https:\/\/sonhoseaventuras.net\/loja\/wp-json\/wp\/v2\/users\/1"}],"replies":[{"embeddable":true,"href":"https:\/\/sonhoseaventuras.net\/loja\/wp-json\/wp\/v2\/comments?post=3"}],"version-history":[{"count":3,"href":"https:\/\/sonhoseaventuras.net\/loja\/wp-json\/wp\/v2\/pages\/3\/revisions"}],"predecessor-version":[{"id":123,"href":"https:\/\/sonhoseaventuras.net\/loja\/wp-json\/wp\/v2\/pages\/3\/revisions\/123"}],"wp:attachment":[{"href":"https:\/\/sonhoseaventuras.net\/loja\/wp-json\/wp\/v2\/media?parent=3"}],"curies":[{"name":"wp","href":"https:\/\/api.w.org\/{rel}","templated":true}]}}