{"id":61,"date":"2020-05-30T16:53:18","date_gmt":"2020-05-30T19:53:18","guid":{"rendered":"https:\/\/sonhoseaventuras.net\/loja\/?post_type=product&#038;p=61"},"modified":"2020-11-29T01:13:23","modified_gmt":"2020-11-29T04:13:23","slug":"colecao-tons-escuros-dark-tones-collection-celular","status":"publish","type":"product","link":"https:\/\/sonhoseaventuras.net\/loja\/produto\/colecao-tons-escuros-dark-tones-collection-celular\/","title":{"rendered":"Cole\u00e7\u00e3o Tons Escuros &#8211; Dark Tones Collection (CELULAR)"},"content":{"rendered":"<p>A Cole\u00e7\u00e3o Tons Escuros consiste em 10 presets (predefini\u00e7\u00f5es) criadas na minha volta ao mundo: Bali na Indon\u00e9sia, Nova Iorque e Miami nos Estados Unidos, Portugal, Espanha, Inglaterra, Gr\u00e9cia, Turquia, Tail\u00e2ndia, Filipinas, Jord\u00e2nia e v\u00e1rios outros pa\u00edses fizeram parte da inspira\u00e7\u00e3o para essa cria\u00e7\u00e3o.<\/p>\n<p>Esta cole\u00e7\u00e3o \u00e9 perfeita para quem gosta de fotos com tons mais escuros, as famosas fotos &#8220;Mood&#8221;, esses tons mais dark ficam lindos nos feeds de Instagram, em retratos, em fotos na natureza, essa cole\u00e7\u00e3o serve para fotos ao ar livre ou indoor. \u00c9 uma cole\u00e7\u00e3o que todo mundo deveria ter se quiser melhorar e muito a qualidade de suas fotos.<\/p>\n<p>Tentei cria-los o mais diferente poss\u00edvel para oferecer boas op\u00e7\u00f5es para os mais variados cen\u00e1rios, tons de pele e ilumina\u00e7\u00e3o. Aproveite!<\/p>\n<p>*ESSES PRESETS FUNCIONAM APENAS EM CELULAR.<\/p>\n<p>Confira no nosso <a href=\"http:\/\/instagram.com\/cheilaanjapresets\" target=\"_blank\" rel=\"noopener noreferrer\">Instagram<\/a> mais antes e depois de\u00a0fotos.<\/p>\n<p>Para instalar os presets clique no Menu e em \u201c<strong>FAQ e Guia de Instala\u00e7\u00e3o<\/strong>\u201d<\/p>\n","protected":false},"excerpt":{"rendered":"<p>Tamb\u00e9m aceito transfer\u00eancia banc\u00e1ria, Pix, boleto e PicPay. Mande uma mensagem no Instagram (@cheilaanjapresets) para mais informa\u00e7\u00f5es sobre outros meios de pagamentos, al\u00e9m do Paypal e cart\u00e3o de cr\u00e9dito.<\/p>\n","protected":false},"featured_media":62,"comment_status":"open","ping_status":"closed","template":"","meta":[],"product_brand":[],"product_cat":[30,19,22],"product_tag":[26,27],"class_list":{"0":"post-61","1":"product","2":"type-product","3":"status-publish","4":"has-post-thumbnail","6":"product_cat-colecao-tons-escuros","7":"product_cat-presets","8":"product_cat-presets-para-celular","9":"product_tag-presets","10":"product_tag-presets-para-celular","12":"first","13":"instock","14":"downloadable","15":"virtual","16":"purchasable","17":"product-type-simple"},"_links":{"self":[{"href":"https:\/\/sonhoseaventuras.net\/loja\/wp-json\/wp\/v2\/product\/61","targetHints":{"allow":["GET"]}}],"collection":[{"href":"https:\/\/sonhoseaventuras.net\/loja\/wp-json\/wp\/v2\/product"}],"about":[{"href":"https:\/\/sonhoseaventuras.net\/loja\/wp-json\/wp\/v2\/types\/product"}],"replies":[{"embeddable":true,"href":"https:\/\/sonhoseaventuras.net\/loja\/wp-json\/wp\/v2\/comments?post=61"}],"wp:featuredmedia":[{"embeddable":true,"href":"https:\/\/sonhoseaventuras.net\/loja\/wp-json\/wp\/v2\/media\/62"}],"wp:attachment":[{"href":"https:\/\/sonhoseaventuras.net\/loja\/wp-json\/wp\/v2\/media?parent=61"}],"wp:term":[{"taxonomy":"product_brand","embeddable":true,"href":"https:\/\/sonhoseaventuras.net\/loja\/wp-json\/wp\/v2\/product_brand?post=61"},{"taxonomy":"product_cat","embeddable":true,"href":"https:\/\/sonhoseaventuras.net\/loja\/wp-json\/wp\/v2\/product_cat?post=61"},{"taxonomy":"product_tag","embeddable":true,"href":"https:\/\/sonhoseaventuras.net\/loja\/wp-json\/wp\/v2\/product_tag?post=61"}],"curies":[{"name":"wp","href":"https:\/\/api.w.org\/{rel}","templated":true}]}}