{"id":84,"date":"2020-05-30T18:37:47","date_gmt":"2020-05-30T21:37:47","guid":{"rendered":"https:\/\/sonhoseaventuras.net\/loja\/?post_type=product&#038;p=84"},"modified":"2026-01-04T16:02:48","modified_gmt":"2026-01-04T19:02:48","slug":"colecao-paisagens-surreais-surreal-landscapes-collection-computador","status":"publish","type":"product","link":"https:\/\/sonhoseaventuras.net\/loja\/produto\/colecao-paisagens-surreais-surreal-landscapes-collection-computador\/","title":{"rendered":"Cole\u00e7\u00e3o Paisagens Surreais &#8211; Surreal Landscapes Collection (COMPUTADOR)"},"content":{"rendered":"<p>A Cole\u00e7\u00e3o Paisagens Surreais consiste em 10 presets (predefini\u00e7\u00f5es) criadas na minha volta ao mundo: Bali na Indon\u00e9sia, Nova Iorque e Miami nos Estados Unidos, Portugal, Espanha, Inglaterra, Gr\u00e9cia, Turquia, Tail\u00e2ndia, Filipinas, Jord\u00e2nia e v\u00e1rios outros pa\u00edses fizeram parte da inspira\u00e7\u00e3o para essa cria\u00e7\u00e3o.<\/p>\n<p>Esta cole\u00e7\u00e3o \u00e9 perfeita para quem gosta de fotos de paisagens, principalmente na natureza, os tons das cores s\u00e3o perfeitos e tem v\u00e1rias op\u00e7\u00f5es de tons e satura\u00e7\u00e3o. \u00c9 uma cole\u00e7\u00e3o que todo mundo deveria ter se quiser melhorar e muito a qualidade de suas fotos.<\/p>\n<p>Tentei cria-los o mais diferente poss\u00edvel para oferecer boas op\u00e7\u00f5es para os mais variados cen\u00e1rios, tons de pele e ilumina\u00e7\u00e3o. Aproveite!<\/p>\n<p>*ESSES PRESETS FUNCIONAM APENAS EM COMPUTADOR.<\/p>\n<p>Confira no nosso <a href=\"http:\/\/instagram.com\/cheilaanjapresets\" target=\"_blank\" rel=\"noopener noreferrer\">Instagram<\/a> mais antes e depois de\u00a0fotos.<\/p>\n<p>Para instalar os presets clique no Menu e em \u201c<strong>FAQ e Guia de Instala\u00e7\u00e3o<\/strong>\u201d<\/p>\n","protected":false},"excerpt":{"rendered":"<p>Tamb\u00e9m aceito transfer\u00eancia banc\u00e1ria, Pix, boleto e PicPay. Mande uma mensagem no Instagram (@cheilaanjapresets) para mais informa\u00e7\u00f5es sobre outros meios de pagamentos, al\u00e9m do Paypal e cart\u00e3o de cr\u00e9dito.<\/p>\n","protected":false},"featured_media":65,"comment_status":"open","ping_status":"closed","template":"","meta":[],"product_brand":[],"product_cat":[41,19,23],"product_tag":[26,36],"class_list":{"0":"post-84","1":"product","2":"type-product","3":"status-publish","4":"has-post-thumbnail","6":"product_cat-colecao-paisagens-surreais-presets-para-computador","7":"product_cat-presets","8":"product_cat-presets-para-computador","9":"product_tag-presets","10":"product_tag-presets-para-computador","12":"first","13":"instock","14":"downloadable","15":"virtual","16":"purchasable","17":"product-type-simple"},"_links":{"self":[{"href":"https:\/\/sonhoseaventuras.net\/loja\/wp-json\/wp\/v2\/product\/84","targetHints":{"allow":["GET"]}}],"collection":[{"href":"https:\/\/sonhoseaventuras.net\/loja\/wp-json\/wp\/v2\/product"}],"about":[{"href":"https:\/\/sonhoseaventuras.net\/loja\/wp-json\/wp\/v2\/types\/product"}],"replies":[{"embeddable":true,"href":"https:\/\/sonhoseaventuras.net\/loja\/wp-json\/wp\/v2\/comments?post=84"}],"wp:featuredmedia":[{"embeddable":true,"href":"https:\/\/sonhoseaventuras.net\/loja\/wp-json\/wp\/v2\/media\/65"}],"wp:attachment":[{"href":"https:\/\/sonhoseaventuras.net\/loja\/wp-json\/wp\/v2\/media?parent=84"}],"wp:term":[{"taxonomy":"product_brand","embeddable":true,"href":"https:\/\/sonhoseaventuras.net\/loja\/wp-json\/wp\/v2\/product_brand?post=84"},{"taxonomy":"product_cat","embeddable":true,"href":"https:\/\/sonhoseaventuras.net\/loja\/wp-json\/wp\/v2\/product_cat?post=84"},{"taxonomy":"product_tag","embeddable":true,"href":"https:\/\/sonhoseaventuras.net\/loja\/wp-json\/wp\/v2\/product_tag?post=84"}],"curies":[{"name":"wp","href":"https:\/\/api.w.org\/{rel}","templated":true}]}}