{"id":89,"date":"2020-05-30T19:08:09","date_gmt":"2020-05-30T22:08:09","guid":{"rendered":"https:\/\/sonhoseaventuras.net\/loja\/?post_type=product&#038;p=89"},"modified":"2025-06-15T17:03:47","modified_gmt":"2025-06-15T20:03:47","slug":"colecao-completa-full-pack-computador-celular","status":"publish","type":"product","link":"https:\/\/sonhoseaventuras.net\/loja\/produto\/colecao-completa-full-pack-computador-celular\/","title":{"rendered":"Cole\u00e7\u00e3o Completa &#8211; Full Pack (COMPUTADOR &#038; CELULAR)"},"content":{"rendered":"<p>A Cole\u00e7\u00e3o Completa &#8211; Full Pack consiste em 232 presets (predefini\u00e7\u00f5es) criadas na minha volta ao mundo: Bali na Indon\u00e9sia, Nova Iorque e Miami nos Estados Unidos, Portugal, Espanha, Inglaterra, Gr\u00e9cia, Turquia, Tail\u00e2ndia, Filipinas, Jord\u00e2nia e v\u00e1rios outros pa\u00edses fizeram parte da inspira\u00e7\u00e3o para essa cria\u00e7\u00e3o.<\/p>\n<p>S\u00e3o todos os meus presets juntos, 116 presets para celular mais 116 presets para computador, um total de 232 presets. S\u00e3o 9 cole\u00e7\u00f5es completas com todos os presets que eu j\u00e1 criei. Deu muito trabalho e tenho muito orgulho desse pack. Com a cole\u00e7\u00e3o completa voc\u00ea leva as tuas edi\u00e7\u00f5es de fotografia para outro n\u00edvel! Ela \u00e9 \u00fatil em todas as ocasi\u00f5es, desde paisagens, selfies, cidades, dia a dia, tratamento em pele, retratos, praia, mar, selva, mood, absolutamente tudo que voc\u00ea precisa em um pack. Tenho certeza que voc\u00ea nunca mais vai precisar de outro preset na vida.<\/p>\n<p>Tentei cria-los o mais diferente poss\u00edvel para oferecer boas op\u00e7\u00f5es para os mais variados cen\u00e1rios, tons de pele e ilumina\u00e7\u00e3o. Aproveite!<\/p>\n<p><strong>Se voc\u00ea fosse comprar todas as minhas cole\u00e7\u00f5es para computador e para celular separadamente, voc\u00ea pagaria um total de R$ 1.458,20! Mas se comprar o pack, voc\u00ea ganha um desconto de 60%! A promo\u00e7\u00e3o \u00e9 por tempo limitado.<\/strong><\/p>\n<p>*ESSES PRESETS FUNCIONAM EM COMPUTADOR E CELULAR.<\/p>\n<p>Confira no nosso <a href=\"http:\/\/instagram.com\/cheilaanjapresets\" target=\"_blank\" rel=\"noopener noreferrer\">Instagram<\/a> mais antes e depois de\u00a0fotos.<\/p>\n<p>Para instalar os presets clique no Menu e em \u201c<strong>FAQ e Guia de Instala\u00e7\u00e3o<\/strong>\u201d<\/p>\n","protected":false},"excerpt":{"rendered":"<p>Tamb\u00e9m aceito transfer\u00eancia banc\u00e1ria, boleto e PicPay. Mande uma mensagem no Instagram (@cheilaanjapresets) para mais informa\u00e7\u00f5es sobre outros meios de pagamentos, al\u00e9m do Paypal e cart\u00e3o de cr\u00e9dito.<\/p>\n","protected":false},"featured_media":90,"comment_status":"open","ping_status":"closed","template":"","meta":[],"product_brand":[],"product_cat":[45,46,19,23],"product_tag":[47,26,27,36],"class_list":{"0":"post-89","1":"product","2":"type-product","3":"status-publish","4":"has-post-thumbnail","6":"product_cat-colecao-completa","7":"product_cat-colecao-completa-presets-para-computador","8":"product_cat-presets","9":"product_cat-presets-para-computador","10":"product_tag-full-pack","11":"product_tag-presets","12":"product_tag-presets-para-celular","13":"product_tag-presets-para-computador","15":"first","16":"instock","17":"sale","18":"downloadable","19":"virtual","20":"purchasable","21":"product-type-simple"},"_links":{"self":[{"href":"https:\/\/sonhoseaventuras.net\/loja\/wp-json\/wp\/v2\/product\/89","targetHints":{"allow":["GET"]}}],"collection":[{"href":"https:\/\/sonhoseaventuras.net\/loja\/wp-json\/wp\/v2\/product"}],"about":[{"href":"https:\/\/sonhoseaventuras.net\/loja\/wp-json\/wp\/v2\/types\/product"}],"replies":[{"embeddable":true,"href":"https:\/\/sonhoseaventuras.net\/loja\/wp-json\/wp\/v2\/comments?post=89"}],"wp:featuredmedia":[{"embeddable":true,"href":"https:\/\/sonhoseaventuras.net\/loja\/wp-json\/wp\/v2\/media\/90"}],"wp:attachment":[{"href":"https:\/\/sonhoseaventuras.net\/loja\/wp-json\/wp\/v2\/media?parent=89"}],"wp:term":[{"taxonomy":"product_brand","embeddable":true,"href":"https:\/\/sonhoseaventuras.net\/loja\/wp-json\/wp\/v2\/product_brand?post=89"},{"taxonomy":"product_cat","embeddable":true,"href":"https:\/\/sonhoseaventuras.net\/loja\/wp-json\/wp\/v2\/product_cat?post=89"},{"taxonomy":"product_tag","embeddable":true,"href":"https:\/\/sonhoseaventuras.net\/loja\/wp-json\/wp\/v2\/product_tag?post=89"}],"curies":[{"name":"wp","href":"https:\/\/api.w.org\/{rel}","templated":true}]}}